{"id":920,"date":"2018-03-18T10:36:36","date_gmt":"2018-03-18T10:36:36","guid":{"rendered":"http:\/\/kanter.fidex.com.ua\/?page_id=920"},"modified":"2023-03-10T13:25:47","modified_gmt":"2023-03-10T18:25:47","slug":"quienes-somos","status":"publish","type":"page","link":"https:\/\/huariruna.com\/Web\/quienes-somos\/","title":{"rendered":"Quienes Somos"},"content":{"rendered":"<p>[vc_section full_width=&#8221;stretch_row&#8221; css=&#8221;.vc_custom_1610586449121{padding-top: 150px !important;padding-bottom: 90px !important;background-image: url(https:\/\/huariruna.com\/Web\/wp-content\/uploads\/2020\/11\/75398093_2583646595005670_920914449383030784_n.jpg?id=2983) !important;background-position: center !important;background-repeat: no-repeat !important;background-size: cover !important;}&#8221;][vc_row][vc_column]<div style=\"margin:0 0 30px 0;\" class=\"heading-title  al-right\" id=\"alian4x_el_69e1e0261c92e\"><h3 style=\"color:#ffffff;\" class=\"al-headitg-title al-parallax\">\u00bfQui\u00e9nes <span class=\"span\">somos?<\/span><\/h3><span  class=\"al-line-title\"><\/span><div style=\"color:#ffffff;\" class=\"al-subtitle\"><\/div><\/div>[\/vc_column][\/vc_row][\/vc_section][vc_row css=&#8221;.vc_custom_1520159240282{padding-top: 85px !important;padding-bottom: 65px !important;}&#8221;][vc_column][vc_row_inner][vc_column_inner offset=&#8221;vc_col-lg-4 vc_col-md-12&#8243; css=&#8221;.vc_custom_1520159233932{margin-bottom: 20px !important;}&#8221;]<div class=\"item-about\"><div class=\"icon\"><i  class=\"pe-7s-exapnd2\"><\/i> <div class=\"bg-icon\"><i  class=\"pe-7s-exapnd2\"><\/i><\/div><\/div><div class=\"content\"><h3 >Nuestra <span class=\"span\">identidad<\/span><\/h3> [vc_column_text]Huari Runa \u00a8Pueblo Aut\u00f3ctono\u00a8 inicia en 1985 como un proyecto musical para la conservaci\u00f3n de las tradiciones andinas y latinoamericanas, dentro del contexto urbano y progresista del municipio de Yumbo, en el Valle del Cauca, municipio industrial pero con profundos legados ancestrales. De este modo Huari Runa guarda un equilibrio cultural entre progreso y tradici\u00f3n, contraste representado en su propuesta musical y vanguardista donde se fusionan ritmos aut\u00f3ctonos de la Am\u00e9rica mestiza con conceptos modernos del rock, as\u00ed como recursos tecnol\u00f3gicos, que logran ese sonido \u00fanico que mantiene vigentes las tradiciones en el siglo XXI.[\/vc_column_text]<\/div><\/div>[\/vc_column_inner][vc_column_inner offset=&#8221;vc_col-lg-4 vc_col-md-12&#8243; css=&#8221;.vc_custom_1520159223964{margin-bottom: 20px !important;}&#8221;]<div class=\"item-about\"><div class=\"icon\"><i  class=\"pe-7s-display1\"><\/i> <div class=\"bg-icon\"><i  class=\"pe-7s-display1\"><\/i><\/div><\/div><div class=\"content\"><h3 >Nuestro <span class=\"span\">recorrido<\/span><\/h3> [vc_column_text]Con m\u00e1s de 30 a\u00f1os de trayectoria, Huari Runa es reconocida a nivel latinoamericano por su calidad art\u00edstica en vivo, interpretando m\u00fasica andina, colombiana y latinoamericana.<br \/>\nHuari Runa es invitada permanente a eventos representativos de la m\u00fasica andina, colombiana y latinoamericana en el \u00e1mbito nacional e internacional. Tambi\u00e9n ha sido invitada especial en m\u00faltiples eventos de renombre, logrando compartir su m\u00fasica en algunos de los mejores escenarios y tarimas a nivel internacional.[\/vc_column_text]<\/div><\/div>[\/vc_column_inner][vc_column_inner offset=&#8221;vc_col-lg-4 vc_col-md-12&#8243; css=&#8221;.vc_custom_1520159229657{margin-bottom: 20px !important;}&#8221;]<div class=\"item-about\"><div class=\"icon\"><i  class=\"pe-7s-cash\"><\/i> <div class=\"bg-icon\"><i  class=\"pe-7s-cash\"><\/i><\/div><\/div><div class=\"content\"><h3 >Como y <span class=\"span\">quienes lo hacemos<\/span><\/h3> [vc_column_text]Los conciertos de Huari Runa escenifican dos facetas de la tradici\u00f3n latinoamericana: el primero, el festejo a la vida en un carnaval donde el amor y la alegr\u00eda predominan; el segundo, una propuesta musical y visual que recrea el rito m\u00edstico donde el pueblo se vincula con el universo y la madre tierra, estimulando una reflexi\u00f3n sobre la crisis ambiental y los valores humanos en la sociedad.<br \/>\nCada presentaci\u00f3n de Huari Runa resulta en una experiencia inolvidable y profunda, cargada de placer sensorial y consciencia ambiental.<br \/>\nHuari Runa est\u00e1 conformada por diez integrantes, y un amplio colectivo de amigos y colaboradores.[\/vc_column_text]<\/div><\/div>[\/vc_column_inner][\/vc_row_inner][\/vc_column][\/vc_row][vc_row full_width=&#8221;stretch_row&#8221; css=&#8221;.vc_custom_1604971095636{padding-top: 85px !important;padding-bottom: 35px !important;background-image: url(http:\/\/huariruna.com\/Web\/wp-content\/uploads\/2020\/11\/estela.jpg?id=3125) !important;background-position: center !important;background-repeat: no-repeat !important;background-size: cover !important;}&#8221;][vc_column][vc_row_inner][vc_column_inner offset=&#8221;vc_col-lg-3 vc_col-md-3&#8243;]<div style=\"margin:0 0 70px 0;\" class=\"heading-title  al-left\" id=\"alian4x_el_69e1e0261caf5\"><h4 style=\"color:#ffffff;\" class=\"al-headitg-title al-parallax\">Nuestros <span class=\"span\">proyectos<\/span><\/h4><span  class=\"al-line-title\"><\/span><div style=\"color:#ffffff;\" class=\"al-subtitle\">Durante el 2021 Huari Runa desplegar\u00e1 acciones alrededor de tres proyectos.<\/div><\/div>[\/vc_column_inner][vc_column_inner offset=&#8221;vc_col-lg-3 vc_col-md-3&#8243;]<div style=\"margin:0 0 50px 0;\" class=\"icon-progress\"><p style=\"color:#ffffff\">1. Circulaci\u00f3n en festivales de nivel local, regional, nacional e internacional.<\/p><\/div>[\/vc_column_inner][vc_column_inner offset=&#8221;vc_col-lg-3 vc_col-md-3&#8243;]<div style=\"margin:0 0 50px 0;\" class=\"icon-progress\"><p style=\"color:#ffffff\">2. Festival Internacional Carnaval y Noche de los Andes en el municipio de Yumbo<\/p><\/div>[\/vc_column_inner][vc_column_inner offset=&#8221;vc_col-lg-3 vc_col-md-3&#8243;]<div style=\"margin:0 0 50px 0;\" class=\"icon-progress\"><p style=\"color:#ffffff\">3. Conciertos did\u00e1cticos desarrollados en el marco de una gira por instituciones educativas en el municipio de Yumbo<\/p><\/div>[\/vc_column_inner][\/vc_row_inner][\/vc_column][\/vc_row][vc_section full_width=&#8221;stretch_row&#8221; content_placement=&#8221;top&#8221; css=&#8221;.vc_custom_1605750392807{padding-top: 0px !important;padding-bottom: 0px !important;}&#8221;][vc_row full_height=&#8221;yes&#8221; equal_height=&#8221;yes&#8221; content_placement=&#8221;top&#8221;][vc_column parallax=&#8221;content-moving&#8221; width=&#8221;1\/2&#8243; css=&#8221;.vc_custom_1605750196480{padding-top: 0px !important;padding-bottom: 0px !important;background-position: center !important;background-repeat: no-repeat !important;background-size: cover !important;}&#8221;]<div style=\"\" class=\"heading-title  al-center\" id=\"alian4x_el_69e1e0261cbb3\"><h4 style=\"\" class=\"al-headitg-title al-parallax\">Nuestras l\u00edneas de acci\u00f3n<\/h4><span  class=\"al-line-title\"><\/span><div  class=\"al-subtitle\"><\/div><\/div>    <script type=\"text\/javascript\">\r\n        jQuery(document).ready( function() {\r\n            jQuery('#alian4x_el_69e1e0261cbcc:nth-child(1n)').accordion({\r\n\/\/                heightStyle: 'content',\r\n\/\/                active: true,\r\n\/\/                collapsible: false\r\n            });\r\n        });\r\n    <\/script>\r\n\r\n    <div class=\"accordion\" id=\"alian4x_el_69e1e0261cbcc\">\r\n        <h3>Reforzamiento de la identidad cultural<\/h3><div><p>A partir del desarrollo de capacidades t\u00e9cnicas, creativas e interpretativas en torno a la m\u00fasica ancestral y andina suramericana. Se trata de desarrollar la sensibilidad art\u00edstica, ya sea como int\u00e9rprete o espectador, capaz de generar reflexiones que aporten al rescate y apropiaci\u00f3n<br \/>\nde valores art\u00edsticos y al dinamismo cultural.<\/p><\/div><h3>Promoci\u00f3n del emprendimiento cultural<\/h3><div><p>A trav\u00e9s de proyectos que convierten las ideas en acciones productivas, fomentando la creatividad, las habilidades y el ingenio de los emprendedores, tal como lo plantea la econom\u00eda naranja. Se trata de generar espacios que promuevan la creatividad, la innovaci\u00f3n, el trabajo<br \/>\ncolaborativo y la creaci\u00f3n de alianzas estrat\u00e9gicas en torno a colectivos de emprendedores y emprendedoras que logren producir a partir de sus talentos.<\/p><\/div><h3>Participaci\u00f3n ciudadana en las decisiones que afectan la vida cultural de los territorios.<\/h3><div><p>Se trata de generar acciones y procesos de formaci\u00f3n y acompa\u00f1amiento a las comunidades para acercarlas a los asuntos p\u00fablicos e incidir en ellos, y a la institucionalidad para mejorar su capacidad de interlocuci\u00f3n y su papel como garante de los derechos culturales, favoreciendo la inclusi\u00f3n social, econ\u00f3mica y pol\u00edtica de la ciudadan\u00eda.<\/p><\/div><h3>Fortalecimiento de competencias socioemocionales<\/h3><div><p>En ni\u00f1as, ni\u00f1os, adolescentes y j\u00f3venes a trav\u00e9s de la expresi\u00f3n art\u00edstica y la formaci\u00f3n en temas diferenciados que aporten a su desarrollo integral.<\/p><\/div>    <\/div>\r\n\r\n    [\/vc_column][vc_column width=&#8221;1\/2&#8243; css=&#8221;.vc_custom_1605750204125{padding-top: 0px !important;}&#8221;]<div style=\"\" class=\"heading-title  al-center\" id=\"alian4x_el_69e1e0261cd49\"><h4 style=\"\" class=\"al-headitg-title al-parallax\">Nuestros enfoques<\/h4><span  class=\"al-line-title\"><\/span><div  class=\"al-subtitle\"><\/div><\/div><div id=\"advanced-tabs-desc-wrap-5578\" class=\"ult_tabs \" style=\" \" data-tabsstyle=\"style1\"\r\n data-titlebg=\"#e7ecea\" data-titlecolor=\"#74777b\" data-fullheight=\"off\"\r\n data-titlehoverbg=\"#4f90d1\" data-titlehovercolor=\"#ffffff\"\r\n data-rotatetabs=\"0\" data-responsivemode=\"Both\" data-animation=\"Slide\"\r\ndata-activetitle=\"#ffffff\" data-activeicon=\"\" data-activebg=\"#4f90d1\"  data-respmode=\"Tabs\" data-respwidth=\"400\" data-scroll = \"on\" data-activeindex=\"1\"><ul id=advanced-tabs-wrap-2682 class=\"ult_tabmenu style1 Style_4\" style=\"color:transparent;border-bottom-color:transparent;border-bottom-width:0px;border-bottom-style:solid;border-bottom-width:0px;\"><li class=\"ult_tab_li ult_tab_style_4  \" data-iconcolor=\"#74777b\" data-iconhover=\"#ffffff\" style=\"background-color:#e7ecea;border-color:transparent;border-width:0px;border-style:solid;border-top-left-radius:8px;\">\r\n\t\t\t\t\t<a href=\"#1605747881824-1\" id=\"1605747881824-1\" style=\"color:#74777b;;  \" class=\"ult_a \">\r\n\t\t\t\t\t   <span class=\"ult_tab_main  Both \">\r\n\t\t\t\t\t    <span class=\"ult_tab_section\">\r\n\t\t\t\t\t  \t\t<span  data-ultimate-target='#advanced-tabs-wrap-2682 .ult-span-text'  data-responsive-json-new='{\"font-size\":\"desktop:15px;\",\"line-height\":\"\"}'  class=\"ult-span-text ult-responsive\" style=\"\">De Derechos<\/span>\r\n\t\t\t\t\t\t   \t<span class=\"aio-icon none ult_tab_iconright\" style=\"color:#74777b;font-size:15px;\">\r\n\t\t\t\t\t\t   \t<i class=\"   ult_tab_icon\"  ><\/i>\r\n\t\t\t\t\t\t   <\/span>\r\n\t\t\t\t\t\t<\/span>\r\n\t\t\t\t\t   <\/span>\r\n\r\n\t\t\t\t\t<\/a>\r\n\t\t\t\t\t<\/li><li class=\"ult_tab_li ult_tab_style_4  \" data-iconcolor=\"#74777b\" data-iconhover=\"#ffffff\" style=\"background-color:#e7ecea;border-color:transparent;border-width:0px;border-style:solid;\">\r\n\t\t\t\t\t<a href=\"#1605747881948-2\" id=\"1605747881948-2\" style=\"color:#74777b;;  \" class=\"ult_a \">\r\n\t\t\t\t\t   <span class=\"ult_tab_main  Both \">\r\n\t\t\t\t\t    <span class=\"ult_tab_section\">\r\n\t\t\t\t\t  \t\t<span  data-ultimate-target='#advanced-tabs-wrap-2682 .ult-span-text'  data-responsive-json-new='{\"font-size\":\"desktop:15px;\",\"line-height\":\"\"}'  class=\"ult-span-text ult-responsive\" style=\"\">Colaborativo<\/span>\r\n\t\t\t\t\t\t   \t<span class=\"aio-icon none ult_tab_iconright\" style=\"color:#74777b;font-size:15px;\">\r\n\t\t\t\t\t\t   \t<i class=\"   ult_tab_icon\"  ><\/i>\r\n\t\t\t\t\t\t   <\/span>\r\n\t\t\t\t\t\t<\/span>\r\n\t\t\t\t\t   <\/span>\r\n\r\n\t\t\t\t\t<\/a>\r\n\t\t\t\t\t<\/li><li class=\"ult_tab_li ult_tab_style_4  \" data-iconcolor=\"#74777b\" data-iconhover=\"#ffffff\" style=\"background-color:#e7ecea;border-color:transparent;border-width:0px;border-style:solid;border-top-right-radius:8px;\">\r\n\t\t\t\t\t<a href=\"#1605748082864-2-3\" id=\"1605748082864-2-3\" style=\"color:#74777b;;  \" class=\"ult_a \">\r\n\t\t\t\t\t   <span class=\"ult_tab_main  Both \">\r\n\t\t\t\t\t    <span class=\"ult_tab_section\">\r\n\t\t\t\t\t  \t\t<span  data-ultimate-target='#advanced-tabs-wrap-2682 .ult-span-text'  data-responsive-json-new='{\"font-size\":\"desktop:15px;\",\"line-height\":\"\"}'  class=\"ult-span-text ult-responsive\" style=\"\">Innovaci\u00f3n<\/span>\r\n\t\t\t\t\t\t   \t<span class=\"aio-icon none ult_tab_iconright\" style=\"color:#74777b;font-size:15px;\">\r\n\t\t\t\t\t\t   \t<i class=\"   ult_tab_icon\"  ><\/i>\r\n\t\t\t\t\t\t   <\/span>\r\n\t\t\t\t\t\t<\/span>\r\n\t\t\t\t\t   <\/span>\r\n\r\n\t\t\t\t\t<\/a>\r\n\t\t\t\t\t<\/li><\/ul><div  data-ultimate-target='#advanced-tabs-desc-wrap-5578 .ult_tabcontent .ult_tab_min_contain  p'  data-responsive-json-new='{\"font-size\":\"\",\"line-height\":\"\"}' class=\"ult_tabcontent ult-responsive style1\" style=\"color:#74777b;\"><div class=\"ult_tab_min_contain \" >\n\t\t\t<div  class=\"ult_tabitemname\"  >\n\t\t\t\t[vc_column_text]Apostamos por un enfoque transformador de g\u00e9nero que cuestione y desnormalice las relaciones de poder que lesionan y vulneran los derechos de las mujeres y las ni\u00f1as, al mismo tiempo trabajamos por el reconocimiento de los derechos individuales y colectivos, valorando la riqueza que emana de la diferencia.[\/vc_column_text]\n\t\t\t<\/div>\n\t\t\t<div  class=\"ult_tabitemname\"  >\n\t\t\t\t[vc_column_text]Creemos en el di\u00e1logo social, en las posibilidades que tenemos de aportar a la construcci\u00f3n de un mundo mejor desde lo colectivo.[\/vc_column_text]\n\t\t\t<\/div>\n\t\t\t<div  class=\"ult_tabitemname\"  >\n\t\t\t\t[vc_column_text]Entendemos el arte y la cultura como un veh\u00edculo para la innovaci\u00f3n por su capacidad para inspirar, cambiar y crear nuevas formas de ser y hacer.[\/vc_column_text]\n\t\t\t<\/div><\/div><\/div><\/div><div class=\"ult_acord advanced-tabs-desc-wrap-5578\">\r\n   <div class=\"ult-tabto-accordion \" style=\"width:;\"\r\n    data-titlecolor=\"#74777b\"  data-titlebg=\"#e7ecea\"\r\n     data-titlehoverbg=\"#4f90d1\" data-titlehovercolor=\"#ffffff\" data-animation=\"Slide\"\r\n     data-activetitle=\"#ffffff\" data-activeicon=\"\" data-activebg=\"#4f90d1\" data-scroll = \"on\" data-activeindex=\"1\" >\r\n     <dl><dt class=\"\">\r\n        \t<a class=\"ult-tabto-actitle withBorder ult_a\" id=\"1605747881824-1\" style=\"color:#74777b;;background-color:#e7ecea;border-bottom-color:transparent;border-bottom-width:0px;border-bottom-style:solid;\" href=\"#1605747881824-1\">\r\n        \t\t<i class=\"accordion-icon\"><\/i>\r\n        \t\t\t<span class=\"ult_tab_main ult_ac_mainBoth\">\r\n\t\t\t\t\t   <span  data-ultimate-target='#advanced-tabs-wrap-2682 .ult-span-text'  data-responsive-json-new='{\"font-size\":\"desktop:15px;\",\"line-height\":\"\"}'  class=\"ult-span-text ult_acordian-text ult-responsive\" style=\";color:inherit \" >De Derechos<\/span>\r\n\t\t\t\t\t<\/span>\r\n\t\t\t\t\t   <div class=\"aio-icon none \" style=\"color:#74777b;font-size:15px;\" data-iconcolor=\"#74777b\" data-iconhover=\"#ffffff\">\r\n\t\t\t\t\t   <i class=\"    ult_tab_icon\"  ><\/i>\r\n\t\t\t\t\t   <\/div>\r\n\t\t\t\t\t<\/a><\/dt>\r\n            \t\t<dd class=\"ult-tabto-accordionItem ult-tabto-accolapsed\">\r\n\t\t\t            <div class=\"ult-tabto-acontent\" style=\"color:#74777b;\">\r\n\t\t\t               [vc_column_text]Apostamos por un enfoque transformador de g\u00e9nero que cuestione y desnormalice las relaciones de poder que lesionan y vulneran los derechos de las mujeres y las ni\u00f1as, al mismo tiempo trabajamos por el reconocimiento de los derechos individuales y colectivos, valorando la riqueza que emana de la diferencia.[\/vc_column_text]\r\n\t\t\t            <\/div>\r\n        \t<\/dd><dt class=\"\">\r\n        \t<a class=\"ult-tabto-actitle withBorder ult_a\" id=\"1605747881948-2\" style=\"color:#74777b;;background-color:#e7ecea;border-bottom-color:transparent;border-bottom-width:0px;border-bottom-style:solid;border-bottom-color:transparent;border-bottom-width:0px;border-bottom-style:solid;\" href=\"#1605747881948-2\">\r\n        \t\t<i class=\"accordion-icon\"><\/i>\r\n        \t\t\t<span class=\"ult_tab_main ult_ac_mainBoth\">\r\n\t\t\t\t\t   <span  data-ultimate-target='#advanced-tabs-wrap-2682 .ult-span-text'  data-responsive-json-new='{\"font-size\":\"desktop:15px;\",\"line-height\":\"\"}'  class=\"ult-span-text ult_acordian-text ult-responsive\" style=\";color:inherit \" >Colaborativo<\/span>\r\n\t\t\t\t\t<\/span>\r\n\t\t\t\t\t   <div class=\"aio-icon none \" style=\"color:#74777b;font-size:15px;\" data-iconcolor=\"#74777b\" data-iconhover=\"#ffffff\">\r\n\t\t\t\t\t   <i class=\"    ult_tab_icon\"  ><\/i>\r\n\t\t\t\t\t   <\/div>\r\n\t\t\t\t\t<\/a><\/dt>\r\n            \t\t<dd class=\"ult-tabto-accordionItem ult-tabto-accolapsed\">\r\n\t\t\t            <div class=\"ult-tabto-acontent\" style=\"color:#74777b;\">\r\n\t\t\t               [vc_column_text]Creemos en el di\u00e1logo social, en las posibilidades que tenemos de aportar a la construcci\u00f3n de un mundo mejor desde lo colectivo.[\/vc_column_text]\r\n\t\t\t            <\/div>\r\n        \t<\/dd><dt class=\"\">\r\n        \t<a class=\"ult-tabto-actitle withBorder ult_a\" id=\"1605748082864-2-3\" style=\"color:#74777b;;background-color:#e7ecea;border-bottom-color:transparent;border-bottom-width:0px;border-bottom-style:solid;border-bottom-color:transparent;border-bottom-width:0px;border-bottom-style:solid;border-bottom-color:transparent;border-bottom-width:0px;border-bottom-style:solid;\" href=\"#1605748082864-2-3\">\r\n        \t\t<i class=\"accordion-icon\"><\/i>\r\n        \t\t\t<span class=\"ult_tab_main ult_ac_mainBoth\">\r\n\t\t\t\t\t   <span  data-ultimate-target='#advanced-tabs-wrap-2682 .ult-span-text'  data-responsive-json-new='{\"font-size\":\"desktop:15px;\",\"line-height\":\"\"}'  class=\"ult-span-text ult_acordian-text ult-responsive\" style=\";color:inherit \" >Innovaci\u00f3n<\/span>\r\n\t\t\t\t\t<\/span>\r\n\t\t\t\t\t   <div class=\"aio-icon none \" style=\"color:#74777b;font-size:15px;\" data-iconcolor=\"#74777b\" data-iconhover=\"#ffffff\">\r\n\t\t\t\t\t   <i class=\"    ult_tab_icon\"  ><\/i>\r\n\t\t\t\t\t   <\/div>\r\n\t\t\t\t\t<\/a><\/dt>\r\n            \t\t<dd class=\"ult-tabto-accordionItem ult-tabto-accolapsed\">\r\n\t\t\t            <div class=\"ult-tabto-acontent\" style=\"color:#74777b;\">\r\n\t\t\t               [vc_column_text]Entendemos el arte y la cultura como un veh\u00edculo para la innovaci\u00f3n por su capacidad para inspirar, cambiar y crear nuevas formas de ser y hacer.[\/vc_column_text]\r\n\t\t\t            <\/div>\r\n        \t<\/dd>\r\n    \t<\/dl>\r\n    <!--<div class=\"extraborder\" style=\"background-color:#4f90d1\"><\/div>-->\r\n<\/div>\r\n\r\n<\/div>[\/vc_column][\/vc_row][\/vc_section][vc_section full_width=&#8221;stretch_row&#8221; css=&#8221;.vc_custom_1606183393092{padding-top: 90px !important;padding-bottom: 40px !important;background-image: url(http:\/\/huariruna.com\/Web\/wp-content\/uploads\/2018\/05\/pan-scaled.jpg?id=2405) !important;background-position: center !important;background-repeat: no-repeat !important;background-size: cover !important;}&#8221;][vc_row][vc_column width=&#8221;1\/6&#8243;][\/vc_column][vc_column width=&#8221;2\/3&#8243;]<div style=\"\" class=\"heading-title  al-center\" id=\"alian4x_el_69e1e0261d484\"><h4 style=\"\" class=\"al-headitg-title al-parallax\">Nuestro equipo de trabajo y colaboradores<\/h4><div  class=\"al-subtitle\">Contamos con un equipo de profesionales en diferentes disciplinas, comprometidos con el arte y la cultura, dise\u00f1ando y redise\u00f1ando estrategias y metodolog\u00edas diferenciales que articulan el aprendizaje y la sensibilizaci\u00f3n de diversas expresiones art\u00edsticas con el desarrollo de competencias t\u00e9cnicas y socioemocionales en actores diversos y en entornos complejos.<\/div><\/div>[\/vc_column][vc_column width=&#8221;1\/6&#8243;][\/vc_column][\/vc_row][vc_row][vc_column width=&#8221;1\/6&#8243;][\/vc_column][vc_column width=&#8221;2\/3&#8243;][vc_single_image image=&#8221;3294&#8243; img_size=&#8221;large&#8221;][\/vc_column][vc_column width=&#8221;1\/6&#8243;][\/vc_column][\/vc_row][vc_row][vc_column][vc_column_text]A trav\u00e9s de alianzas estrat\u00e9gicas, hemos logrado que artistas con proyecci\u00f3n internacional se sumen a nuestros procesos de formaci\u00f3n y acompa\u00f1amiento a las comunidades y la institucionalidad, garantizando resultados con niveles de excelencia.<\/p>\n<p>La generaci\u00f3n de metodolog\u00edas innovadoras que ponen en di\u00e1logo diferentes disciplinas con el arte y la cultura, es nuestro mayor desaf\u00edo, y aquello que m\u00e1s nos diferencia.[\/vc_column_text][\/vc_column][\/vc_row][\/vc_section]<\/p>\n","protected":false},"excerpt":{"rendered":"<p>[vc_section full_width=&#8221;stretch_row&#8221; css=&#8221;.vc_custom_1610586449121{padding-top: 150px !important;padding-bottom: 90px !important;background-image: url(https:\/\/huariruna.com\/Web\/wp-content\/uploads\/2020\/11\/75398093_2583646595005670_920914449383030784_n.jpg?id=2983) !important;background-position: center !important;background-repeat: no-repeat !important;background-size: cover !important;}&#8221;][vc_row][vc_column][\/vc_column][\/vc_row][\/vc_section][vc_row css=&#8221;.vc_custom_1520159240282{padding-top: 85px !important;padding-bottom: 65px !important;}&#8221;][vc_column][vc_row_inner][vc_column_inner offset=&#8221;vc_col-lg-4 vc_col-md-12&#8243; css=&#8221;.vc_custom_1520159233932{margin-bottom: 20px !important;}&#8221;][\/vc_column_inner][vc_column_inner offset=&#8221;vc_col-lg-4 vc_col-md-12&#8243; css=&#8221;.vc_custom_1520159223964{margin-bottom: 20px !important;}&#8221;][\/vc_column_inner][vc_column_inner offset=&#8221;vc_col-lg-4 vc_col-md-12&#8243; css=&#8221;.vc_custom_1520159229657{margin-bottom: 20px !important;}&#8221;][\/vc_column_inner][\/vc_row_inner][\/vc_column][\/vc_row][vc_row full_width=&#8221;stretch_row&#8221; css=&#8221;.vc_custom_1604971095636{padding-top: 85px !important;padding-bottom: 35px !important;background-image: url(http:\/\/huariruna.com\/Web\/wp-content\/uploads\/2020\/11\/estela.jpg?id=3125) !important;background-position: center !important;background-repeat: no-repeat !important;background-size: cover !important;}&#8221;][vc_column][vc_row_inner][vc_column_inner offset=&#8221;vc_col-lg-3 vc_col-md-3&#8243;][\/vc_column_inner][vc_column_inner offset=&#8221;vc_col-lg-3 vc_col-md-3&#8243;][\/vc_column_inner][vc_column_inner offset=&#8221;vc_col-lg-3 vc_col-md-3&#8243;][\/vc_column_inner][vc_column_inner<span class=\"screen-reader-text\"><a href=\"https:\/\/huariruna.com\/Web\/quienes-somos\/\" rel=\"nofollow\">[&#8230;]<\/a><\/span><\/p>\n","protected":false},"author":1,"featured_media":0,"parent":0,"menu_order":0,"comment_status":"closed","ping_status":"closed","template":"page-builder.php","meta":{"_vp_format_video_url":"","_vp_image_focal_point":[]},"_links":{"self":[{"href":"https:\/\/huariruna.com\/Web\/wp-json\/wp\/v2\/pages\/920"}],"collection":[{"href":"https:\/\/huariruna.com\/Web\/wp-json\/wp\/v2\/pages"}],"about":[{"href":"https:\/\/huariruna.com\/Web\/wp-json\/wp\/v2\/types\/page"}],"author":[{"embeddable":true,"href":"https:\/\/huariruna.com\/Web\/wp-json\/wp\/v2\/users\/1"}],"replies":[{"embeddable":true,"href":"https:\/\/huariruna.com\/Web\/wp-json\/wp\/v2\/comments?post=920"}],"version-history":[{"count":60,"href":"https:\/\/huariruna.com\/Web\/wp-json\/wp\/v2\/pages\/920\/revisions"}],"predecessor-version":[{"id":3115,"href":"https:\/\/huariruna.com\/Web\/wp-json\/wp\/v2\/pages\/920\/revisions\/3115"}],"wp:attachment":[{"href":"https:\/\/huariruna.com\/Web\/wp-json\/wp\/v2\/media?parent=920"}],"curies":[{"name":"wp","href":"https:\/\/api.w.org\/{rel}","templated":true}]}}